{"id":2652,"date":"2024-12-17T10:20:41","date_gmt":"2024-12-17T10:20:41","guid":{"rendered":"https:\/\/fuehrer.arttex.at\/?post_type=product&#038;p=2652"},"modified":"2024-12-17T10:22:16","modified_gmt":"2024-12-17T10:22:16","slug":"best-fire","status":"publish","type":"product","link":"https:\/\/fuehrer.arttex.at\/?product=best-fire","title":{"rendered":"Best Fire"},"content":{"rendered":"<p>Packing 15\/1 1x Vulkan 100 1x Perchtenblinker 6er Pack 1x Font\u00e4ne 3 1x Font\u00e4\u00fcne 4 2x Font\u00e4ne 5 2x Font\u00e4ne 6<\/p>\n","protected":false},"excerpt":{"rendered":"<p>&nbsp;<\/p>\n<p>Kat:\u00a0 \u00a0F1<\/p>\n<ul>\n<li>Altersfreigabe: 12 Jahre<\/li>\n<\/ul>\n","protected":false},"featured_media":2653,"comment_status":"open","ping_status":"closed","template":"","meta":[],"product_cat":[24],"product_tag":[],"class_list":{"0":"post-2652","1":"product","2":"type-product","3":"status-publish","4":"has-post-thumbnail","6":"product_cat-kinderfeuerwerk","7":"product_shipping_class-selbstabholung","9":"first","10":"instock","11":"featured","12":"shipping-taxable","13":"purchasable","14":"product-type-simple"},"_links":{"self":[{"href":"https:\/\/fuehrer.arttex.at\/index.php?rest_route=\/wp\/v2\/product\/2652","targetHints":{"allow":["GET"]}}],"collection":[{"href":"https:\/\/fuehrer.arttex.at\/index.php?rest_route=\/wp\/v2\/product"}],"about":[{"href":"https:\/\/fuehrer.arttex.at\/index.php?rest_route=\/wp\/v2\/types\/product"}],"replies":[{"embeddable":true,"href":"https:\/\/fuehrer.arttex.at\/index.php?rest_route=%2Fwp%2Fv2%2Fcomments&post=2652"}],"wp:featuredmedia":[{"embeddable":true,"href":"https:\/\/fuehrer.arttex.at\/index.php?rest_route=\/wp\/v2\/media\/2653"}],"wp:attachment":[{"href":"https:\/\/fuehrer.arttex.at\/index.php?rest_route=%2Fwp%2Fv2%2Fmedia&parent=2652"}],"wp:term":[{"taxonomy":"product_cat","embeddable":true,"href":"https:\/\/fuehrer.arttex.at\/index.php?rest_route=%2Fwp%2Fv2%2Fproduct_cat&post=2652"},{"taxonomy":"product_tag","embeddable":true,"href":"https:\/\/fuehrer.arttex.at\/index.php?rest_route=%2Fwp%2Fv2%2Fproduct_tag&post=2652"}],"curies":[{"name":"wp","href":"https:\/\/api.w.org\/{rel}","templated":true}]}}