{"id":2288,"date":"2023-11-18T07:47:56","date_gmt":"2023-11-18T07:47:56","guid":{"rendered":"https:\/\/fuehrer.arttex.at\/?product=klasek-kamikadze-copy-2-copy-copy-2"},"modified":"2024-12-06T17:19:38","modified_gmt":"2024-12-06T17:19:38","slug":"klasek-kamikadze-copy-2-copy-copy-2","status":"publish","type":"product","link":"https:\/\/fuehrer.arttex.at\/?product=klasek-kamikadze-copy-2-copy-copy-2","title":{"rendered":"Maulwurf Stop!!"},"content":{"rendered":"<p>4\u00a0 teilig zum bek\u00e4mpfen lestiger Sch\u00e4dlinge wie\u00a0 W\u00fchlm\u00e4use und Maulw\u00fcrfe im Garten !!<\/p>\n<p>Der Schwefelgeruch vertreibt die anstrengenden Gartenverunstalter.<\/p>\n<p>&nbsp;<\/p>\n","protected":false},"excerpt":{"rendered":"<p><a href=\"https:\/\/youtu.be\/4eQV6CRmw5M\" target=\"_blank\" rel=\"noopener noreferrer\">Link zu den Video<\/a><\/p>\n<p>T1<\/p>\n<p>&nbsp;<\/p>\n","protected":false},"featured_media":2290,"comment_status":"open","ping_status":"closed","template":"","meta":[],"product_cat":[26,18,29,24,20,16,25,28],"product_tag":[],"class_list":{"0":"post-2288","1":"product","2":"type-product","3":"status-publish","4":"has-post-thumbnail","6":"product_cat-bengal","7":"product_cat-feuerwerksbatterien","8":"product_cat-gluecksbringer","9":"product_cat-kinderfeuerwerk","10":"product_cat-knaller","11":"product_cat-raketen","12":"product_cat-rauch","13":"product_cat-sonstiges","14":"product_shipping_class-selbstabholung","16":"first","17":"instock","18":"featured","19":"shipping-taxable","20":"purchasable","21":"product-type-simple"},"_links":{"self":[{"href":"https:\/\/fuehrer.arttex.at\/index.php?rest_route=\/wp\/v2\/product\/2288","targetHints":{"allow":["GET"]}}],"collection":[{"href":"https:\/\/fuehrer.arttex.at\/index.php?rest_route=\/wp\/v2\/product"}],"about":[{"href":"https:\/\/fuehrer.arttex.at\/index.php?rest_route=\/wp\/v2\/types\/product"}],"replies":[{"embeddable":true,"href":"https:\/\/fuehrer.arttex.at\/index.php?rest_route=%2Fwp%2Fv2%2Fcomments&post=2288"}],"wp:featuredmedia":[{"embeddable":true,"href":"https:\/\/fuehrer.arttex.at\/index.php?rest_route=\/wp\/v2\/media\/2290"}],"wp:attachment":[{"href":"https:\/\/fuehrer.arttex.at\/index.php?rest_route=%2Fwp%2Fv2%2Fmedia&parent=2288"}],"wp:term":[{"taxonomy":"product_cat","embeddable":true,"href":"https:\/\/fuehrer.arttex.at\/index.php?rest_route=%2Fwp%2Fv2%2Fproduct_cat&post=2288"},{"taxonomy":"product_tag","embeddable":true,"href":"https:\/\/fuehrer.arttex.at\/index.php?rest_route=%2Fwp%2Fv2%2Fproduct_tag&post=2288"}],"curies":[{"name":"wp","href":"https:\/\/api.w.org\/{rel}","templated":true}]}}