{"id":2255,"date":"2023-11-13T21:18:27","date_gmt":"2023-11-13T21:18:27","guid":{"rendered":"https:\/\/fuehrer.arttex.at\/?product=sasek-copy-copy"},"modified":"2023-11-13T21:18:27","modified_gmt":"2023-11-13T21:18:27","slug":"sasek-copy-copy","status":"publish","type":"product","link":"https:\/\/fuehrer.arttex.at\/?product=sasek-copy-copy","title":{"rendered":"Starfall Kopieren"},"content":{"rendered":"<div class=\"woocommerce-product-details__short-description\">\n<div class=\"woocommerce-product-details__short-description\">\n<p>&nbsp;<\/p>\n<\/div>\n<ul>\n<li>Kat:\u00a0 \u00a0F2<\/li>\n<li>Schuss:\u00a0 31<\/li>\n<li>Cal: 25 mm<\/li>\n<li>Schussrichtungen:\u00a0 gerade<\/li>\n<li>NEM: 498g<\/li>\n<li>Zeit:\u00a0 \u00a0 \u00a0 \u00a0ca. 40 sec<\/li>\n<\/ul>\n<\/div>\n<p><a href=\"https:\/\/youtu.be\/UE0jAVQSaig\">Produktvideo<\/a><\/p>\n<div class=\"woocommerce-product-details__short-description\"><\/div>\n<p>&nbsp;<\/p>\n","protected":false},"excerpt":{"rendered":"<p>Starfall ist eine 31-Schuss Feuerwerksbatterie von Weco Feuerwerk mit abwechslungsreichen Feuerwerkseffekten: Knisterkometen mit Blau, brillante Blinkstern-Buketts in wei\u00df, rot und gr\u00fcn, sowie Goldflimmerbuketts mit gr\u00fcnen und roten Spitzen, teilweise in F\u00e4cherform geschossen. So muss Silvesterfeuerwerk sein: gro\u00dfe Buketts, kr\u00e4ftige Farben, lauter Zerleger und abwechslungsreiche Effekte!<\/p>\n","protected":false},"featured_media":2254,"comment_status":"open","ping_status":"closed","template":"","meta":[],"product_cat":[18],"product_tag":[],"class_list":{"0":"post-2255","1":"product","2":"type-product","3":"status-publish","4":"has-post-thumbnail","6":"product_cat-feuerwerksbatterien","8":"first","9":"instock","10":"shipping-taxable","11":"purchasable","12":"product-type-simple"},"_links":{"self":[{"href":"https:\/\/fuehrer.arttex.at\/index.php?rest_route=\/wp\/v2\/product\/2255","targetHints":{"allow":["GET"]}}],"collection":[{"href":"https:\/\/fuehrer.arttex.at\/index.php?rest_route=\/wp\/v2\/product"}],"about":[{"href":"https:\/\/fuehrer.arttex.at\/index.php?rest_route=\/wp\/v2\/types\/product"}],"replies":[{"embeddable":true,"href":"https:\/\/fuehrer.arttex.at\/index.php?rest_route=%2Fwp%2Fv2%2Fcomments&post=2255"}],"wp:featuredmedia":[{"embeddable":true,"href":"https:\/\/fuehrer.arttex.at\/index.php?rest_route=\/wp\/v2\/media\/2254"}],"wp:attachment":[{"href":"https:\/\/fuehrer.arttex.at\/index.php?rest_route=%2Fwp%2Fv2%2Fmedia&parent=2255"}],"wp:term":[{"taxonomy":"product_cat","embeddable":true,"href":"https:\/\/fuehrer.arttex.at\/index.php?rest_route=%2Fwp%2Fv2%2Fproduct_cat&post=2255"},{"taxonomy":"product_tag","embeddable":true,"href":"https:\/\/fuehrer.arttex.at\/index.php?rest_route=%2Fwp%2Fv2%2Fproduct_tag&post=2255"}],"curies":[{"name":"wp","href":"https:\/\/api.w.org\/{rel}","templated":true}]}}