{"id":1836,"date":"2021-11-26T10:20:57","date_gmt":"2021-11-26T10:20:57","guid":{"rendered":"https:\/\/fuehrer.arttex.at\/?post_type=product&#038;p=1836"},"modified":"2025-11-25T14:10:08","modified_gmt":"2025-11-25T14:10:08","slug":"armagedon-bomben-verbundfeuerwerk","status":"publish","type":"product","link":"https:\/\/fuehrer.arttex.at\/?product=armagedon-bomben-verbundfeuerwerk","title":{"rendered":"Armagedon Bomben Verbundfeuerwerk"},"content":{"rendered":"<p>Massiver Feuerwerksverbund !!!!!!<\/p>\n<p>Zwei Verbundfeuerwerke in einem XXL Karton verpackt! Mit der \u201e<strong>Armageddon<\/strong>\u201c des niederl\u00e4ndischen Importeurs\u00a0<strong>Magnum Fireworks<\/strong>\u00a0gibt es satte 4 Kilogramm Nettoexplosivmasse f\u00fcr eine atemberaubende Feuerwerkshow! Mit gef\u00e4cherten und ungef\u00e4cherten Absch\u00fcssen hat uns diese Showbox absolut \u00fcberzeugt. Damit sind Sie definitiv der K\u00f6nig in Ihrer Nachbarschaft!<\/p>\n<p>&nbsp;<\/p>\n<p>&nbsp;<\/p>\n","protected":false},"excerpt":{"rendered":"<p>F2<\/p>\n<ul>\n<li>281 Schuss<\/li>\n<li>Kaliber 25mm<\/li>\n<li>Brenndauer \u00fcber 2 Minuten<\/li>\n<li>4000 Gramm Nettoexplosivmasse<\/li>\n<\/ul>\n<p>Fertig verleitet kann dieses Verbundfeuerwerk 1x angez\u00fcndet werden. Sollten Sie keine M\u00f6glichkeit haben den Artikel zu verbinden bedarf es zwei Z\u00fcndungen.<\/p>\n<p><a href=\"https:\/\/youtu.be\/VI1BBFr5h7g\" target=\"_blank\" rel=\"noopener noreferrer\">Link zu den Video<\/a><\/p>\n","protected":false},"featured_media":1837,"comment_status":"open","ping_status":"closed","template":"","meta":[],"product_cat":[18],"product_tag":[],"class_list":{"0":"post-1836","1":"product","2":"type-product","3":"status-publish","4":"has-post-thumbnail","6":"product_cat-feuerwerksbatterien","7":"product_shipping_class-selbstabholung","9":"first","10":"outofstock","11":"featured","12":"shipping-taxable","13":"purchasable","14":"product-type-simple"},"_links":{"self":[{"href":"https:\/\/fuehrer.arttex.at\/index.php?rest_route=\/wp\/v2\/product\/1836","targetHints":{"allow":["GET"]}}],"collection":[{"href":"https:\/\/fuehrer.arttex.at\/index.php?rest_route=\/wp\/v2\/product"}],"about":[{"href":"https:\/\/fuehrer.arttex.at\/index.php?rest_route=\/wp\/v2\/types\/product"}],"replies":[{"embeddable":true,"href":"https:\/\/fuehrer.arttex.at\/index.php?rest_route=%2Fwp%2Fv2%2Fcomments&post=1836"}],"wp:featuredmedia":[{"embeddable":true,"href":"https:\/\/fuehrer.arttex.at\/index.php?rest_route=\/wp\/v2\/media\/1837"}],"wp:attachment":[{"href":"https:\/\/fuehrer.arttex.at\/index.php?rest_route=%2Fwp%2Fv2%2Fmedia&parent=1836"}],"wp:term":[{"taxonomy":"product_cat","embeddable":true,"href":"https:\/\/fuehrer.arttex.at\/index.php?rest_route=%2Fwp%2Fv2%2Fproduct_cat&post=1836"},{"taxonomy":"product_tag","embeddable":true,"href":"https:\/\/fuehrer.arttex.at\/index.php?rest_route=%2Fwp%2Fv2%2Fproduct_tag&post=1836"}],"curies":[{"name":"wp","href":"https:\/\/api.w.org\/{rel}","templated":true}]}}