{"id":1723,"date":"2021-04-01T18:07:46","date_gmt":"2021-04-01T18:07:46","guid":{"rendered":"https:\/\/fuehrer.arttex.at\/?post_type=product&#038;p=1723"},"modified":"2021-11-01T11:09:19","modified_gmt":"2021-11-01T11:09:19","slug":"der-fire-ball-die-automatische-loescheinrichtung","status":"publish","type":"product","link":"https:\/\/fuehrer.arttex.at\/?product=der-fire-ball-die-automatische-loescheinrichtung","title":{"rendered":"Der Fire Ball die Automatische L\u00f6scheinrichtung"},"content":{"rendered":"<p><img loading=\"lazy\" decoding=\"async\" class=\"alignnone size-medium wp-image-1730\" src=\"https:\/\/fuehrer.arttex.at\/wp-content\/uploads\/2021\/04\/firerecue-fire-ball-300x300.jpg\" alt=\"\" width=\"300\" height=\"300\" srcset=\"https:\/\/fuehrer.arttex.at\/wp-content\/uploads\/2021\/04\/firerecue-fire-ball-300x300.jpg 300w, https:\/\/fuehrer.arttex.at\/wp-content\/uploads\/2021\/04\/firerecue-fire-ball-150x150.jpg 150w, https:\/\/fuehrer.arttex.at\/wp-content\/uploads\/2021\/04\/firerecue-fire-ball-768x768.jpg 768w, https:\/\/fuehrer.arttex.at\/wp-content\/uploads\/2021\/04\/firerecue-fire-ball-600x600.jpg 600w, https:\/\/fuehrer.arttex.at\/wp-content\/uploads\/2021\/04\/firerecue-fire-ball-100x100.jpg 100w, https:\/\/fuehrer.arttex.at\/wp-content\/uploads\/2021\/04\/firerecue-fire-ball.jpg 1000w\" sizes=\"auto, (max-width: 300px) 100vw, 300px\" \/><\/p>\n","protected":false},"excerpt":{"rendered":"<p>&nbsp;<\/p>\n<p>&nbsp;<\/p>\n<p>L\u00d6SCHMITTELVOLUMEN 1,3 KG<\/p>\n<p>BALLBRANDKLASSEN A B C E<\/p>\n<p>GEWICHT 1,5 KG<\/p>\n<p>AUSSENDURCHMESSER147 MM<br \/>\n<strong>Warum einen automatischen Feuerball \u010cervinka FIRE BALL kaufen?\u00a0 \u00a0 \u00a0 \u00a0 \u00a0 \u00a0 \u00a0 \u00a0 \u00a0 \u00a0 \u00a0 \u00a0 \u00a0 \u00a0 \u00a0 \u00a0\u00a0<\/strong><\/p>\n<p>https:\/\/www.youtube.com\/watch?v=xRJd0EShKO4&amp;t=20s<\/p>\n<p>Einfach zu bedienen \u2013 zur Brandbek\u00e4mpfung einfach in Flammen werfen<br \/>\nAutomatische Aktivierung &#8211; in Ber\u00fchrung der Ball mit den Flammen verteilt das L\u00f6schpulver und gleichzeitig aktiviert ein lautes Warnsignal ab<br \/>\nTotal Wartungsfrei.<\/p>\n<p>Der FIRE BALL \u010cervinka Feuerl\u00f6schball ist eine ganz einfache und effektive automatische Feuerl\u00f6scheinrichtung, die zum L\u00f6schen von Entstehungsbr\u00e4nden werwendet wird. Dank dem Pulverl\u00f6schermittel l\u00f6scht es effektiv Brandklasen A, B, C, E. Dank seines geringen Gewichts und des automatischen Aktivierung ist es sehr einfach zu bedienen.<\/p>\n<p>&nbsp;<\/p>\n<p>Wir empfehlen, \u010cervinka FIRE BALL an Orten mit hoher Brandgefahr zu installieren, z. B. in K\u00fcchen, Leistungsschaltern, \u00fcberlasteten Steckdosen oder in der N\u00e4he von Kaminen und Feuerstellen. In Ber\u00fchrung mit Flammen verteilt der Ball das Pulver und l\u00f6st gleichzeitig ein lautes Warnsignal mit einer Intensit\u00e4t von bis zu 120 dB aus. Ein Ger\u00e4t sch\u00fctzt einen Raum mit einer Fl\u00e4che von ca 3 m3.<\/p>\n<p>Das Ger\u00e4t hat sich als \u00e4u\u00dferst effektiv bei der Beseitigung von Br\u00e4nden in Wohnzimmern, Industriegeb\u00e4uden, beim Z\u00fcnden von elektrischen Hochspannungsger\u00e4ten, in Geb\u00e4uden oder in der Schifffahrt erwiesen. Es kann in Regalen, Tischen, Korridoren oder anderen gut sichtbaren Orten mit leichtem Zugang aufgestellt werden.<\/p>\n<p>Verpackungs Inhalt:<\/p>\n<p>Automatische Feuerl\u00f6scheinrichtung \u010cervinka FIRE BALL<br \/>\nFester Metallhalter in schwarzer Farbe<br \/>\nEinbauteile<br \/>\nGebrauchsanweisung in verschiedenen Sprachen!!!!<\/p>\n<p>Vorteile:<br \/>\n&#8211; Einfach zu bedienen \u2013 nur ins Feuer werfen<br \/>\n&#8211; Aktive Sicherheit &#8211; kontinuierliche \u00dcberwachung<br \/>\n&#8211; Warnt vor dem Feuer &#8211; Sofortiges, schnelles Feueralarm<br \/>\n&#8211; Kann aus sicherer Entfernung zum Feuer verwendet werden<br \/>\n&#8211; Wirklich f\u00fcr alle ohne Einweisung geeignet &#8211;\u00a0 von Kinder bis Senioren<br \/>\n&#8211; Unsch\u00e4dlich f\u00fcr Mensch, Tier und Umwelt oder gel\u00f6schte Objekte!!<\/p>\n<p>&nbsp;<\/p>\n<p>&nbsp;<\/p>\n","protected":false},"featured_media":1724,"comment_status":"open","ping_status":"closed","template":"","meta":[],"product_cat":[28],"product_tag":[],"class_list":{"0":"post-1723","1":"product","2":"type-product","3":"status-publish","4":"has-post-thumbnail","6":"product_cat-sonstiges","8":"first","9":"instock","10":"sale","11":"shipping-taxable","12":"purchasable","13":"product-type-simple"},"_links":{"self":[{"href":"https:\/\/fuehrer.arttex.at\/index.php?rest_route=\/wp\/v2\/product\/1723","targetHints":{"allow":["GET"]}}],"collection":[{"href":"https:\/\/fuehrer.arttex.at\/index.php?rest_route=\/wp\/v2\/product"}],"about":[{"href":"https:\/\/fuehrer.arttex.at\/index.php?rest_route=\/wp\/v2\/types\/product"}],"replies":[{"embeddable":true,"href":"https:\/\/fuehrer.arttex.at\/index.php?rest_route=%2Fwp%2Fv2%2Fcomments&post=1723"}],"wp:featuredmedia":[{"embeddable":true,"href":"https:\/\/fuehrer.arttex.at\/index.php?rest_route=\/wp\/v2\/media\/1724"}],"wp:attachment":[{"href":"https:\/\/fuehrer.arttex.at\/index.php?rest_route=%2Fwp%2Fv2%2Fmedia&parent=1723"}],"wp:term":[{"taxonomy":"product_cat","embeddable":true,"href":"https:\/\/fuehrer.arttex.at\/index.php?rest_route=%2Fwp%2Fv2%2Fproduct_cat&post=1723"},{"taxonomy":"product_tag","embeddable":true,"href":"https:\/\/fuehrer.arttex.at\/index.php?rest_route=%2Fwp%2Fv2%2Fproduct_tag&post=1723"}],"curies":[{"name":"wp","href":"https:\/\/api.w.org\/{rel}","templated":true}]}}