{"id":1476,"date":"2020-10-28T16:27:08","date_gmt":"2020-10-28T16:27:08","guid":{"rendered":"http:\/\/fuehrer.arttex.at\/?post_type=product&#038;p=1476"},"modified":"2022-08-20T14:49:36","modified_gmt":"2022-08-20T14:49:36","slug":"pyrotrade-multiflash","status":"publish","type":"product","link":"https:\/\/fuehrer.arttex.at\/?product=pyrotrade-multiflash","title":{"rendered":"Multiflash Blinklicht"},"content":{"rendered":"<p>&nbsp;<\/p>\n<p>Extrem grelles, wei\u00dfes Blinklicht ideal f\u00fcr den Beginn von Feuerwerken oder f\u00fcr Perchtenvereine !!<\/p>\n","protected":false},"excerpt":{"rendered":"<p>F2<\/p>\n<p>1 St\u00fcck<\/p>\n<p>Weiss<\/p>\n<p>Brenndauer ca 90s<\/p>\n<p>extremes Blinklicht<\/p>\n<p><a href=\"https:\/\/www.youtube.com\/watch?v=IvrrcLu_d4o\" target=\"_blank\" rel=\"noopener noreferrer\">Link zu den Video<\/a><\/p>\n","protected":false},"featured_media":1477,"comment_status":"open","ping_status":"closed","template":"","meta":[],"product_cat":[15,26,24],"product_tag":[],"class_list":{"0":"post-1476","1":"product","2":"type-product","3":"status-publish","4":"has-post-thumbnail","6":"product_cat-rauchartikel","7":"product_cat-bengal","8":"product_cat-kinderfeuerwerk","9":"product_shipping_class-selbstabholung","11":"first","12":"instock","13":"shipping-taxable","14":"purchasable","15":"product-type-simple"},"_links":{"self":[{"href":"https:\/\/fuehrer.arttex.at\/index.php?rest_route=\/wp\/v2\/product\/1476","targetHints":{"allow":["GET"]}}],"collection":[{"href":"https:\/\/fuehrer.arttex.at\/index.php?rest_route=\/wp\/v2\/product"}],"about":[{"href":"https:\/\/fuehrer.arttex.at\/index.php?rest_route=\/wp\/v2\/types\/product"}],"replies":[{"embeddable":true,"href":"https:\/\/fuehrer.arttex.at\/index.php?rest_route=%2Fwp%2Fv2%2Fcomments&post=1476"}],"wp:featuredmedia":[{"embeddable":true,"href":"https:\/\/fuehrer.arttex.at\/index.php?rest_route=\/wp\/v2\/media\/1477"}],"wp:attachment":[{"href":"https:\/\/fuehrer.arttex.at\/index.php?rest_route=%2Fwp%2Fv2%2Fmedia&parent=1476"}],"wp:term":[{"taxonomy":"product_cat","embeddable":true,"href":"https:\/\/fuehrer.arttex.at\/index.php?rest_route=%2Fwp%2Fv2%2Fproduct_cat&post=1476"},{"taxonomy":"product_tag","embeddable":true,"href":"https:\/\/fuehrer.arttex.at\/index.php?rest_route=%2Fwp%2Fv2%2Fproduct_tag&post=1476"}],"curies":[{"name":"wp","href":"https:\/\/api.w.org\/{rel}","templated":true}]}}