{"id":1372,"date":"2020-10-28T15:12:08","date_gmt":"2020-10-28T15:12:08","guid":{"rendered":"http:\/\/fuehrer.arttex.at\/?post_type=product&#038;p=1372"},"modified":"2022-12-22T06:24:14","modified_gmt":"2022-12-22T06:24:14","slug":"zink-raketen","status":"publish","type":"product","link":"https:\/\/fuehrer.arttex.at\/?product=zink-raketen","title":{"rendered":"Zink Raketen Max. F\u00fcllung die Profirakete"},"content":{"rendered":"<p>Zink Raketen 905, 5 Stk. Packung, je 75g NEM, gelbe Kappe-Leuchtk\u00e4fer-Blinker, blaue Kappe-Brokat-Blau, gr\u00fcne Kappe-Brokat Violett-Gr\u00fcn, wei\u00dfe Kappe-wei\u00dfe Blinker, rote Kappe-Silberweide rot-blau, Steigh\u00f6he 90m<\/p>\n<p>Einfach Hammer !!!!<\/p>\n<p><a href=\"https:\/\/youtu.be\/ccPqqwdBurU\">Produktvideo<\/a><\/p>\n<p>&nbsp;<\/p>\n","protected":false},"excerpt":{"rendered":"<p>F2<\/p>\n<p>5 St\u00fcck im Set<\/p>\n<p>NEM pro St\u00fcck 75g Maximalf\u00fcllung<\/p>\n<p>Auch einzeln erh\u00e4ltlich um 15,99\u20ac<\/p>\n","protected":false},"featured_media":1373,"comment_status":"open","ping_status":"closed","template":"","meta":[],"product_cat":[16],"product_tag":[],"class_list":{"0":"post-1372","1":"product","2":"type-product","3":"status-publish","4":"has-post-thumbnail","6":"product_cat-raketen","7":"product_shipping_class-selbstabholung","9":"first","10":"instock","11":"shipping-taxable","12":"purchasable","13":"product-type-simple"},"_links":{"self":[{"href":"https:\/\/fuehrer.arttex.at\/index.php?rest_route=\/wp\/v2\/product\/1372","targetHints":{"allow":["GET"]}}],"collection":[{"href":"https:\/\/fuehrer.arttex.at\/index.php?rest_route=\/wp\/v2\/product"}],"about":[{"href":"https:\/\/fuehrer.arttex.at\/index.php?rest_route=\/wp\/v2\/types\/product"}],"replies":[{"embeddable":true,"href":"https:\/\/fuehrer.arttex.at\/index.php?rest_route=%2Fwp%2Fv2%2Fcomments&post=1372"}],"wp:featuredmedia":[{"embeddable":true,"href":"https:\/\/fuehrer.arttex.at\/index.php?rest_route=\/wp\/v2\/media\/1373"}],"wp:attachment":[{"href":"https:\/\/fuehrer.arttex.at\/index.php?rest_route=%2Fwp%2Fv2%2Fmedia&parent=1372"}],"wp:term":[{"taxonomy":"product_cat","embeddable":true,"href":"https:\/\/fuehrer.arttex.at\/index.php?rest_route=%2Fwp%2Fv2%2Fproduct_cat&post=1372"},{"taxonomy":"product_tag","embeddable":true,"href":"https:\/\/fuehrer.arttex.at\/index.php?rest_route=%2Fwp%2Fv2%2Fproduct_tag&post=1372"}],"curies":[{"name":"wp","href":"https:\/\/api.w.org\/{rel}","templated":true}]}}