{"id":9,"date":"2019-01-23T06:31:06","date_gmt":"2019-01-23T06:31:06","guid":{"rendered":"http:\/\/fuehrer.arttex.at\/?page_id=9"},"modified":"2020-11-05T17:41:20","modified_gmt":"2020-11-05T17:41:20","slug":"home","status":"publish","type":"page","link":"https:\/\/fuehrer.arttex.at\/","title":{"rendered":"Home"},"content":{"rendered":"<p><img decoding=\"async\" width=\"493\" height=\"469\" src=\"https:\/\/fuehrer.arttex.at\/wp-content\/uploads\/2020\/10\/Element-2@0.5x.png\" alt=\"\" loading=\"lazy\" srcset=\"https:\/\/fuehrer.arttex.at\/wp-content\/uploads\/2020\/10\/Element-2@0.5x.png 493w, https:\/\/fuehrer.arttex.at\/wp-content\/uploads\/2020\/10\/Element-2@0.5x-300x285.png 300w\" sizes=\"auto, (max-width: 493px) 100vw, 493px\" \/>\t\t\t\t\t\t\t\t\t\t\t<\/p>\n<h5>Licht Feuer Faszination!<\/h5>\n<p>\t\t\t\t\t\t\t\t\t\t<img decoding=\"async\" width=\"502\" height=\"179\" src=\"https:\/\/fuehrer.arttex.at\/wp-content\/uploads\/2020\/10\/schrift.png\" alt=\"\" loading=\"lazy\" srcset=\"https:\/\/fuehrer.arttex.at\/wp-content\/uploads\/2020\/10\/schrift.png 502w, https:\/\/fuehrer.arttex.at\/wp-content\/uploads\/2020\/10\/schrift-300x107.png 300w\" sizes=\"auto, (max-width: 502px) 100vw, 502px\" \/><br \/>\n\t\t\t<a href=\"https:\/\/fuehrer.arttex.at\/?page_id=12\" role=\"button\"><br \/>\n\t\t\t\t\t\tZUM SHOP<br \/>\n\t\t\t\t\t<\/a><br \/>\n\t\t\t\t<a href=\"https:\/\/fuehrer.arttex.at\/?product_cat=kinderfeuerwerk\"><br \/>\n\t\t\t\t\t\t\t\t<\/a><\/p>\n<h5>\n\t\t\t\t\t<a href=\"https:\/\/fuehrer.arttex.at\/?product_cat=kinderfeuerwerk\">Jugendfeuerwerk<\/a><br \/>\n\t\t\t\t<\/h5>\n<p>\t\t\t\t<a href=\"https:\/\/fuehrer.arttex.at\/?product_cat=raketen\"><br \/>\n\t\t\t\t\t\t\t\t<\/a><\/p>\n<h5>\n\t\t\t\t\t<a href=\"https:\/\/fuehrer.arttex.at\/?product_cat=raketen\">Raketen<\/a><br \/>\n\t\t\t\t<\/h5>\n<p>\t\t\t\t<a href=\"https:\/\/fuehrer.arttex.at\/?product_cat=feuerwerksbatterien\"><br \/>\n\t\t\t\t\t\t\t\t<\/a><\/p>\n<h5>\n\t\t\t\t\t<a href=\"https:\/\/fuehrer.arttex.at\/?product_cat=feuerwerksbatterien\">Batterie Verbundfeuerwerk<\/a><br \/>\n\t\t\t\t<\/h5>\n<p>\t\t\t\t<a href=\"https:\/\/fuehrer.arttex.at\/?product_cat=knaller\"><br \/>\n\t\t\t\t\t\t\t\t<\/a><\/p>\n<h5>\n\t\t\t\t\t<a href=\"https:\/\/fuehrer.arttex.at\/?product_cat=knaller\">Knaller, B\u00f6ller, Rauch, Bengal,&#8230;<\/a><br \/>\n\t\t\t\t<\/h5>\n<h2>Wir hei\u00dfen Sie herzlich Willkommen auf der Hompage von Pyrotechnik F\u00fchrer !! <\/h2>\n<p>Wir bieten Ihnen hier, eine gro\u00dfe Auswahl an verschiedensten Produkten . Auf Wunsch unterst\u00fctzen wir Sie mit einer umfassenden und fachlichen und&nbsp; kompetenten Beratung um das richtige Produkt f\u00fcr Ihren Anlass zu finden!! <br \/>Qualit\u00e4t steht an erster Stelle. Bitte Kontaktieren Sie uns einfach,&nbsp; wir bem\u00fchen uns&nbsp; um Ihr Anliegen ( auch telefonisch oder per Whats App ).&nbsp; &nbsp; &nbsp;&nbsp;<\/p>\n<p>!!Vorsicht!! Grunds\u00e4tzlich Selbstabholung.<\/p>\n<p>News Auf Anfrage liefern wir&nbsp;&#8211; je nach Bestellsumme und Entfernung.(Bitte um Kontaktaufnahme)Zahlung per Barzahlung vor Ort.<\/p>\n<p>Da unsere Artikel auch vor Ort bzw. an den Verkaufsst\u00e4nden verkauft werden kann der Lagerstand stark variieren, Lagernd angezeigte Artikel k\u00f6nnen trotzdem ausverkauft sein.<\/p>\n<\/p>\n<p>&nbsp;&nbsp;<a href=\"https:\/\/fuehrer.arttex.at\/?page_id=1080\">Zum Kontaktformular<\/a><\/p>\n<h4>Dragon Light 35,99<br \/><\/h4>\n<p>Das ultimative Mega-Gro\u00dfraketen-Sortiment mit neuartigen Effekten<br \/>20 teilig  <\/p>\n<p>\t\t\t<a href=\"https:\/\/fuehrer.arttex.at\/?product=pyro-austria-dragon-light\" role=\"button\"><br \/>\n\t\t\t\t\t\tJETZT RESERVIEREN<br \/>\n\t\t\t\t\t<\/a><\/p>\n<h4>NikoPure Crossette 7,99 <\/h4>\n<p>Die  Tier freundliche sehr ger\u00e4uscharme Feuerwerksbatterie<\/p>\n<p>\t\t\t<a href=\"https:\/\/fuehrer.arttex.at\/?product=nikopure-crossette\" role=\"button\"><br \/>\n\t\t\t\t\t\tJETZT RESERVIEREN<br \/>\n\t\t\t\t\t<\/a><\/p>\n<h4>Lady Cracker 2,49<\/h4>\n<p>Das Highlight f\u00fcr  Kinder zu  Silvester <\/p>\n<p>\t\t\t<a href=\"https:\/\/fuehrer.arttex.at\/?product=lady-cracker\" role=\"button\"><br \/>\n\t\t\t\t\t\tJETZT RESERVIEREN<br \/>\n\t\t\t\t\t<\/a><\/p>\n<h2>Feuerwerksraketen &#038; Batterien<\/h2>\n<p>Ein kleiner Auszug aus unserem Sortiment<\/p>\n<div class=\"woocommerce columns-4 \"><ul class=\"products columns-4\">\n<li class=\"product type-product post-2343 status-publish first instock product_cat-feuerwerksbatterien has-post-thumbnail shipping-taxable purchasable product-type-simple\">\n\t<a href=\"https:\/\/fuehrer.arttex.at\/?product=sasek-copy-2-copy-copy-copy-2\" class=\"woocommerce-LoopProduct-link woocommerce-loop-product__link\"><img loading=\"lazy\" decoding=\"async\" width=\"300\" height=\"300\" src=\"https:\/\/fuehrer.arttex.at\/wp-content\/uploads\/2023\/11\/mix-karton-25ran-12ksctn-1-300x300.jpg\" class=\"attachment-woocommerce_thumbnail size-woocommerce_thumbnail\" alt=\"\" srcset=\"https:\/\/fuehrer.arttex.at\/wp-content\/uploads\/2023\/11\/mix-karton-25ran-12ksctn-1-300x300.jpg 300w, https:\/\/fuehrer.arttex.at\/wp-content\/uploads\/2023\/11\/mix-karton-25ran-12ksctn-1-150x150.jpg 150w, https:\/\/fuehrer.arttex.at\/wp-content\/uploads\/2023\/11\/mix-karton-25ran-12ksctn-1-100x100.jpg 100w\" sizes=\"auto, (max-width: 300px) 100vw, 300px\" \/><h2 class=\"woocommerce-loop-product__title\">25 Schuss 20mm div. Designs Spider Web \/ Poison \/ Shark \/ Bloodsport<\/h2>\n\t<span class=\"price\"><span class=\"woocommerce-Price-amount amount\"><bdi><span class=\"woocommerce-Price-currencySymbol\">&euro;<\/span>15,99<\/bdi><\/span><\/span>\n<\/a><a href=\"?add-to-cart=2343\" data-quantity=\"1\" class=\"button wp-element-button product_type_simple add_to_cart_button ajax_add_to_cart\" data-product_id=\"2343\" data-product_sku=\"\" aria-label=\"Add &ldquo;25 Schuss 20mm div. Designs Spider Web \/ Poison \/ Shark \/ Bloodsport&rdquo; to your cart\" rel=\"nofollow\">Kaufen<\/a><\/li>\n<li class=\"product type-product post-1436 status-publish instock product_cat-knaller has-post-thumbnail sale shipping-taxable purchasable product-type-simple\">\n\t<a href=\"https:\/\/fuehrer.arttex.at\/?product=tropic-3-schlag\" class=\"woocommerce-LoopProduct-link woocommerce-loop-product__link\">\n\t<span class=\"onsale\">Sale!<\/span>\n\t<img loading=\"lazy\" decoding=\"async\" width=\"300\" height=\"300\" src=\"https:\/\/fuehrer.arttex.at\/wp-content\/uploads\/2020\/10\/Anaconda-300x300.jpg\" class=\"attachment-woocommerce_thumbnail size-woocommerce_thumbnail\" alt=\"\" srcset=\"https:\/\/fuehrer.arttex.at\/wp-content\/uploads\/2020\/10\/Anaconda-300x300.jpg 300w, https:\/\/fuehrer.arttex.at\/wp-content\/uploads\/2020\/10\/Anaconda-150x150.jpg 150w, https:\/\/fuehrer.arttex.at\/wp-content\/uploads\/2020\/10\/Anaconda-100x100.jpg 100w\" sizes=\"auto, (max-width: 300px) 100vw, 300px\" \/><h2 class=\"woocommerce-loop-product__title\">3 Schlag Kracher<\/h2>\n\t<span class=\"price\"><del aria-hidden=\"true\"><span class=\"woocommerce-Price-amount amount\"><bdi><span class=\"woocommerce-Price-currencySymbol\">&euro;<\/span>6,99<\/bdi><\/span><\/del> <ins><span class=\"woocommerce-Price-amount amount\"><bdi><span class=\"woocommerce-Price-currencySymbol\">&euro;<\/span>4,99<\/bdi><\/span><\/ins><\/span>\n<\/a><a href=\"?add-to-cart=1436\" data-quantity=\"1\" class=\"button wp-element-button product_type_simple add_to_cart_button ajax_add_to_cart\" data-product_id=\"1436\" data-product_sku=\"\" aria-label=\"Add &ldquo;3 Schlag Kracher&rdquo; to your cart\" rel=\"nofollow\">Kaufen<\/a><\/li>\n<li class=\"product type-product post-2460 status-publish instock product_cat-rauchartikel product_cat-kinderfeuerwerk product_tag-jugendfeuerwerk has-post-thumbnail shipping-taxable purchasable product-type-simple\">\n\t<a href=\"https:\/\/fuehrer.arttex.at\/?product=riesen-kinderspass\" class=\"woocommerce-LoopProduct-link woocommerce-loop-product__link\"><img loading=\"lazy\" decoding=\"async\" width=\"300\" height=\"300\" src=\"https:\/\/fuehrer.arttex.at\/wp-content\/uploads\/2024\/12\/81IVOlG3zL._AC_SL1500_-300x300.jpg\" class=\"attachment-woocommerce_thumbnail size-woocommerce_thumbnail\" alt=\"\" srcset=\"https:\/\/fuehrer.arttex.at\/wp-content\/uploads\/2024\/12\/81IVOlG3zL._AC_SL1500_-300x300.jpg 300w, https:\/\/fuehrer.arttex.at\/wp-content\/uploads\/2024\/12\/81IVOlG3zL._AC_SL1500_-150x150.jpg 150w, https:\/\/fuehrer.arttex.at\/wp-content\/uploads\/2024\/12\/81IVOlG3zL._AC_SL1500_-100x100.jpg 100w\" sizes=\"auto, (max-width: 300px) 100vw, 300px\" \/><h2 class=\"woocommerce-loop-product__title\">9 teiliges Jugendfeuerwerkset<\/h2>\n\t<span class=\"price\"><span class=\"woocommerce-Price-amount amount\"><bdi><span class=\"woocommerce-Price-currencySymbol\">&euro;<\/span>11,99<\/bdi><\/span><\/span>\n<\/a><a href=\"?add-to-cart=2460\" data-quantity=\"1\" class=\"button wp-element-button product_type_simple add_to_cart_button ajax_add_to_cart\" data-product_id=\"2460\" data-product_sku=\"\" aria-label=\"Add &ldquo;9 teiliges Jugendfeuerwerkset&rdquo; to your cart\" rel=\"nofollow\">Kaufen<\/a><\/li>\n<li class=\"product type-product post-1655 status-publish last instock product_cat-feuerwerksbatterien has-post-thumbnail featured shipping-taxable purchasable product-type-simple\">\n\t<a href=\"https:\/\/fuehrer.arttex.at\/?product=nv-showtime-i-verbundfeuerwerk\" class=\"woocommerce-LoopProduct-link woocommerce-loop-product__link\"><img loading=\"lazy\" decoding=\"async\" width=\"300\" height=\"300\" src=\"https:\/\/fuehrer.arttex.at\/wp-content\/uploads\/2020\/10\/Acatenango_2652-300x300.png\" class=\"attachment-woocommerce_thumbnail size-woocommerce_thumbnail\" alt=\"\" srcset=\"https:\/\/fuehrer.arttex.at\/wp-content\/uploads\/2020\/10\/Acatenango_2652-300x300.png 300w, https:\/\/fuehrer.arttex.at\/wp-content\/uploads\/2020\/10\/Acatenango_2652-150x150.png 150w, https:\/\/fuehrer.arttex.at\/wp-content\/uploads\/2020\/10\/Acatenango_2652-100x100.png 100w, https:\/\/fuehrer.arttex.at\/wp-content\/uploads\/2020\/10\/Acatenango_2652.png 600w\" sizes=\"auto, (max-width: 300px) 100vw, 300px\" \/><h2 class=\"woocommerce-loop-product__title\">Acatenango Verbundfeuerwerk<\/h2>\n\t<span class=\"price\"><span class=\"woocommerce-Price-amount amount\"><bdi><span class=\"woocommerce-Price-currencySymbol\">&euro;<\/span>259,99<\/bdi><\/span><\/span>\n<\/a><a href=\"?add-to-cart=1655\" data-quantity=\"1\" class=\"button wp-element-button product_type_simple add_to_cart_button ajax_add_to_cart\" data-product_id=\"1655\" data-product_sku=\"\" aria-label=\"Add &ldquo;Acatenango Verbundfeuerwerk&rdquo; to your cart\" rel=\"nofollow\">Kaufen<\/a><\/li>\n<li class=\"product type-product post-2380 status-publish first instock product_cat-feuerwerksbatterien has-post-thumbnail shipping-taxable purchasable product-type-simple\">\n\t<a href=\"https:\/\/fuehrer.arttex.at\/?product=sasek-copy-2-copy-copy-copy-2-copy-copy-copy-2-copy-copy\" class=\"woocommerce-LoopProduct-link woocommerce-loop-product__link\"><img loading=\"lazy\" decoding=\"async\" width=\"300\" height=\"300\" src=\"https:\/\/fuehrer.arttex.at\/wp-content\/uploads\/2023\/11\/Air-Base-300x300.jpeg\" class=\"attachment-woocommerce_thumbnail size-woocommerce_thumbnail\" alt=\"\" srcset=\"https:\/\/fuehrer.arttex.at\/wp-content\/uploads\/2023\/11\/Air-Base-300x300.jpeg 300w, https:\/\/fuehrer.arttex.at\/wp-content\/uploads\/2023\/11\/Air-Base-150x150.jpeg 150w, https:\/\/fuehrer.arttex.at\/wp-content\/uploads\/2023\/11\/Air-Base-100x100.jpeg 100w\" sizes=\"auto, (max-width: 300px) 100vw, 300px\" \/><h2 class=\"woocommerce-loop-product__title\">Air Base<\/h2>\n\t<span class=\"price\"><span class=\"woocommerce-Price-amount amount\"><bdi><span class=\"woocommerce-Price-currencySymbol\">&euro;<\/span>69,99<\/bdi><\/span><\/span>\n<\/a><a href=\"?add-to-cart=2380\" data-quantity=\"1\" class=\"button wp-element-button product_type_simple add_to_cart_button ajax_add_to_cart\" data-product_id=\"2380\" data-product_sku=\"\" aria-label=\"Add &ldquo;Air Base&rdquo; to your cart\" rel=\"nofollow\">Kaufen<\/a><\/li>\n<li class=\"product type-product post-2628 status-publish instock product_cat-feuerwerksbatterien has-post-thumbnail featured shipping-taxable purchasable product-type-simple\">\n\t<a href=\"https:\/\/fuehrer.arttex.at\/?product=alien-2\" class=\"woocommerce-LoopProduct-link woocommerce-loop-product__link\"><img loading=\"lazy\" decoding=\"async\" width=\"300\" height=\"300\" src=\"https:\/\/fuehrer.arttex.at\/wp-content\/uploads\/2024\/12\/Alkien-300x300.jpg\" class=\"attachment-woocommerce_thumbnail size-woocommerce_thumbnail\" alt=\"\" srcset=\"https:\/\/fuehrer.arttex.at\/wp-content\/uploads\/2024\/12\/Alkien-300x300.jpg 300w, https:\/\/fuehrer.arttex.at\/wp-content\/uploads\/2024\/12\/Alkien-150x150.jpg 150w, https:\/\/fuehrer.arttex.at\/wp-content\/uploads\/2024\/12\/Alkien-100x100.jpg 100w\" sizes=\"auto, (max-width: 300px) 100vw, 300px\" \/><h2 class=\"woocommerce-loop-product__title\">Alien<\/h2>\n\t<span class=\"price\"><span class=\"woocommerce-Price-amount amount\"><bdi><span class=\"woocommerce-Price-currencySymbol\">&euro;<\/span>18,99<\/bdi><\/span><\/span>\n<\/a><a href=\"?add-to-cart=2628\" data-quantity=\"1\" class=\"button wp-element-button product_type_simple add_to_cart_button ajax_add_to_cart\" data-product_id=\"2628\" data-product_sku=\"\" aria-label=\"Add &ldquo;Alien&rdquo; to your cart\" rel=\"nofollow\">Kaufen<\/a><\/li>\n<li class=\"product type-product post-2019 status-publish instock product_cat-feuerwerksbatterien has-post-thumbnail shipping-taxable purchasable product-type-simple\">\n\t<a href=\"https:\/\/fuehrer.arttex.at\/?product=alien\" class=\"woocommerce-LoopProduct-link woocommerce-loop-product__link\"><img loading=\"lazy\" decoding=\"async\" width=\"300\" height=\"300\" src=\"https:\/\/fuehrer.arttex.at\/wp-content\/uploads\/2022\/04\/32-300x300.jpg\" class=\"attachment-woocommerce_thumbnail size-woocommerce_thumbnail\" alt=\"\" srcset=\"https:\/\/fuehrer.arttex.at\/wp-content\/uploads\/2022\/04\/32-300x300.jpg 300w, https:\/\/fuehrer.arttex.at\/wp-content\/uploads\/2022\/04\/32-150x150.jpg 150w, https:\/\/fuehrer.arttex.at\/wp-content\/uploads\/2022\/04\/32-100x100.jpg 100w, https:\/\/fuehrer.arttex.at\/wp-content\/uploads\/2022\/04\/32.jpg 600w\" sizes=\"auto, (max-width: 300px) 100vw, 300px\" \/><h2 class=\"woocommerce-loop-product__title\">Alien<\/h2>\n\t<span class=\"price\"><span class=\"woocommerce-Price-amount amount\"><bdi><span class=\"woocommerce-Price-currencySymbol\">&euro;<\/span>11,99<\/bdi><\/span><\/span>\n<\/a><a href=\"?add-to-cart=2019\" data-quantity=\"1\" class=\"button wp-element-button product_type_simple add_to_cart_button ajax_add_to_cart\" data-product_id=\"2019\" data-product_sku=\"\" aria-label=\"Add &ldquo;Alien&rdquo; to your cart\" rel=\"nofollow\">Kaufen<\/a><\/li>\n<li class=\"product type-product post-2378 status-publish last instock product_cat-feuerwerksbatterien has-post-thumbnail shipping-taxable purchasable product-type-simple\">\n\t<a href=\"https:\/\/fuehrer.arttex.at\/?product=sasek-copy-2-copy-copy-copy-2-copy-copy-copy-2-copy\" class=\"woocommerce-LoopProduct-link woocommerce-loop-product__link\"><img loading=\"lazy\" decoding=\"async\" width=\"300\" height=\"300\" src=\"https:\/\/fuehrer.arttex.at\/wp-content\/uploads\/2023\/11\/amnesia-300x300.png\" class=\"attachment-woocommerce_thumbnail size-woocommerce_thumbnail\" alt=\"\" srcset=\"https:\/\/fuehrer.arttex.at\/wp-content\/uploads\/2023\/11\/amnesia-300x300.png 300w, https:\/\/fuehrer.arttex.at\/wp-content\/uploads\/2023\/11\/amnesia-150x150.png 150w, https:\/\/fuehrer.arttex.at\/wp-content\/uploads\/2023\/11\/amnesia-100x100.png 100w\" sizes=\"auto, (max-width: 300px) 100vw, 300px\" \/><h2 class=\"woocommerce-loop-product__title\">Amnesia<\/h2>\n\t<span class=\"price\"><span class=\"woocommerce-Price-amount amount\"><bdi><span class=\"woocommerce-Price-currencySymbol\">&euro;<\/span>39,99<\/bdi><\/span><\/span>\n<\/a><a href=\"?add-to-cart=2378\" data-quantity=\"1\" class=\"button wp-element-button product_type_simple add_to_cart_button ajax_add_to_cart\" data-product_id=\"2378\" data-product_sku=\"\" aria-label=\"Add &ldquo;Amnesia&rdquo; to your cart\" rel=\"nofollow\">Kaufen<\/a><\/li>\n<\/ul>\n<\/div>\n<h3>Ben\u00f6tigen Sie Hilfe bei der Auswahl der richtigen Produkte?<\/h3>\n<p>\t\t\t<a href=\"https:\/\/fuehrer.arttex.at\/?page_id=1080\" role=\"button\"><br \/>\n\t\t\t\t\t\tBrauchen SIe hilfe?<br \/>\n\t\t\t\t\t<\/a><\/p>\n<p>Wir Beraten Sie gerne ob f\u00fcr kleine Ereignisse oder f\u00fcr gro\u00dfe Veranstaltungen. Wir bieten Ihnen vom Kindersortimenten&nbsp; bis eigens f\u00fcr Sie zusammen gestellte &#8220; KOMPLETT Feuerwerke &#8220; an .<\/p>\n<p>Falls Sie aber&nbsp; g\u00f6\u00dfere Feuerwerke ben\u00f6tigen, k\u00f6nnen wir ihnen auch dabei Helfen. Wir planen und Konzeptionieren Ihnen ein Feuerwerk das in Erinnerung bleibt! Ob mit Musikalischer Untermalung oder auch mit Choreographien. Ganz nach Ihrem Wunsch!<\/p>\n<p>Bitte kontaktieren Sie uns wir machen Ihnen ein Unverbindliches Angebot!<\/p>\n<h2>Referenzen<\/h2>\n<p>Was Kunden \u00fcber uns erz\u00e4hlen,<\/p>\n<p>Wir haben f\u00fcr unsere 10 Jahres Feier ein Highlight gesucht und mit einer Feuerwerksbatterien hier gefunfunden. Top Beratung.<\/p>\n<h5>Martin Stadler<\/h5>\n<p>Unternehmer<\/p>\n<p>\t\t\t<a href=\"https:\/\/goo.gl\/maps\/ka8FcqMQWmXFVod96\" target=\"_blank\" role=\"button\" rel=\"noopener noreferrer\"><br \/>\n\t\t\t\t\t\tAuf Googlemaps bewerten.<br \/>\n\t\t\t\t\t<\/a><\/p>\n<p>Unser Hochzeitshighlight am Abend! Das Feuerwerk war der Wahnsinn, ist bei den G\u00e4sten sehr gut angekommen. Wir mussten uns um nichts k\u00fcmmern. Tolle Organisation, sehr engagiert, bem\u00fcht und freundlich. K\u00f6nnen wir nur weiter empfehlen. Vielen Dank f\u00fcr diesen unvergesslichen Moment!<\/p>\n<h5>Lena &#038; Robert<\/h5>\n<h2>Interessiert? Komplett Feuerwerke zum selber abbrennen !<\/h2>\n<p>Hier erhalten SIe alles was Sie f\u00fcr eine gelunge Feier als Highlight ben\u00f6tigen !!<\/p>\n<p>\t\t\t<a href=\"https:\/\/fuehrer.arttex.at\/?page_id=12\" role=\"button\"><br \/>\n\t\t\t\t\t\tZUM SHOP<br \/>\n\t\t\t\t\t<\/a><br \/>\n\t\t\t\t\t\t\t\t\t\t<img decoding=\"async\" src=\"https:\/\/fuehrer.arttex.at\/wp-content\/uploads\/2020\/10\/13193-Captain-Red-Verbundfeuerwerk-90-Sek-von-Lesli-removebg-preview.png\" title=\"\" alt=\"\" \/><br \/>\n\t\t\t\t\t\t\t\t\t\t<img decoding=\"async\" src=\"https:\/\/fuehrer.arttex.at\/wp-content\/uploads\/2020\/10\/unnamed-removebg-preview.png\" title=\"\" alt=\"\" \/><br \/>\n\t\t\t\t\t\t\t\t\t\t<img decoding=\"async\" src=\"https:\/\/fuehrer.arttex.at\/wp-content\/uploads\/2020\/10\/1-removebg-preview.png\" title=\"\" alt=\"\" \/><br \/>\n\t\t\t\t\t\t\t\t\t\t<img decoding=\"async\" src=\"https:\/\/fuehrer.arttex.at\/wp-content\/uploads\/2020\/10\/8467-Feuerwerksraketen-Rocket-Strike-3-Raketen_1-removebg-preview.png\" title=\"\" alt=\"\" \/><\/p>\n","protected":false},"excerpt":{"rendered":"<p>Licht Feuer Faszination! ZUM SHOP Jugendfeuerwerk Raketen Batterie Verbundfeuerwerk Knaller, B\u00f6ller, Rauch, Bengal,&#8230; Wir hei\u00dfen Sie herzlich Willkommen auf der Hompage von Pyrotechnik F\u00fchrer !! Wir bieten Ihnen hier, eine gro\u00dfe Auswahl an verschiedensten Produkten . Auf Wunsch unterst\u00fctzen wir Sie mit einer umfassenden und fachlichen und&nbsp; kompetenten Beratung um das richtige Produkt f\u00fcr Ihren [&hellip;]<\/p>\n","protected":false},"author":1,"featured_media":0,"parent":0,"menu_order":0,"comment_status":"closed","ping_status":"closed","template":"","meta":{"footnotes":""},"class_list":["post-9","page","type-page","status-publish","hentry"],"_links":{"self":[{"href":"https:\/\/fuehrer.arttex.at\/index.php?rest_route=\/wp\/v2\/pages\/9","targetHints":{"allow":["GET"]}}],"collection":[{"href":"https:\/\/fuehrer.arttex.at\/index.php?rest_route=\/wp\/v2\/pages"}],"about":[{"href":"https:\/\/fuehrer.arttex.at\/index.php?rest_route=\/wp\/v2\/types\/page"}],"author":[{"embeddable":true,"href":"https:\/\/fuehrer.arttex.at\/index.php?rest_route=\/wp\/v2\/users\/1"}],"replies":[{"embeddable":true,"href":"https:\/\/fuehrer.arttex.at\/index.php?rest_route=%2Fwp%2Fv2%2Fcomments&post=9"}],"version-history":[{"count":49,"href":"https:\/\/fuehrer.arttex.at\/index.php?rest_route=\/wp\/v2\/pages\/9\/revisions"}],"predecessor-version":[{"id":1675,"href":"https:\/\/fuehrer.arttex.at\/index.php?rest_route=\/wp\/v2\/pages\/9\/revisions\/1675"}],"wp:attachment":[{"href":"https:\/\/fuehrer.arttex.at\/index.php?rest_route=%2Fwp%2Fv2%2Fmedia&parent=9"}],"curies":[{"name":"wp","href":"https:\/\/api.w.org\/{rel}","templated":true}]}}